{"id":3408,"date":"2024-04-10T13:21:33","date_gmt":"2024-04-10T19:21:33","guid":{"rendered":"https:\/\/www.northwestkidsdentaltx.com\/?page_id=3408"},"modified":"2024-05-10T14:14:25","modified_gmt":"2024-05-10T20:14:25","slug":"wisdom-tooth-extractions","status":"publish","type":"page","link":"https:\/\/www.northwestkidsdentaltx.com\/es\/services\/general-dentist-for-children\/wisdom-tooth-extractions\/","title":{"rendered":"Extracciones de muelas del juicio"},"content":{"rendered":"<h2>Extracciones de muelas del juicio en Oak Ridge North, TX<\/h2>\n<p>Las muelas del juicio, a veces llamadas tercer molar, empiezan a formarse bajo la mand\u00edbula cuando el ni\u00f1o tiene unos siete a\u00f1os. Sin embargo, hasta que tu hijo no alcance el final de la adolescencia y el comienzo de la edad adulta, las muelas del juicio no deber\u00edan causarle dolor ni ning\u00fan otro problema. Al final de la adolescencia y a los veintipocos a\u00f1os, las muelas del juicio inician el proceso de erupci\u00f3n. Nuestro <a href=\"\/es\/servicios\/dentista-general-para-ninos\/\">dentista de tus hijos<\/a> realizar\u00e1 un seguimiento de las muelas del juicio a medida que vayan surgiendo para ayudarte a decidir si es necesaria su extracci\u00f3n.<\/p>\n<blockquote>\n<h5><em> <img loading=\"lazy\" decoding=\"async\" class=\"alignnone wp-image-3764\" src=\"https:\/\/www.northwestkidsdentaltx.com\/wp-content\/uploads\/2024\/08\/lightbulb.png\" alt=\"\" width=\"35\" height=\"35\" \/>\u00bfSAB\u00cdAS QUE...? <\/em><\/h5>\n<p> La mayor\u00eda de los humanos tenemos cuatro muelas del juicio, pero algunos nacen con menos y, aunque es raro, algunos nacen con cinco. <\/em><\/p><\/blockquote>\n<h2>Razones para extraer las muelas del juicio<\/h2>\n<p>Si una muela del juicio de tu hijo adolescente provoca alguno de los problemas que se indican a continuaci\u00f3n, es probable que nuestro dentista recomiende su extracci\u00f3n.<\/p>\n<ul>\n<li>Las caries o infecciones se convierten en un problema.<\/li>\n<li>Inflamaci\u00f3n, infecci\u00f3n y dolor de enc\u00edas.<\/li>\n<li>Api\u00f1amiento dental y cambios en la mordida.<\/li>\n<li>Impactaci\u00f3n<\/li>\n<\/ul>\n<p>Preferimos adoptar un planteamiento conservador con respecto a la salud dental de los ni\u00f1os, pero cuando las muelas del juicio suponen una amenaza para la salud bucal, la est\u00e9tica y la correcta funcionalidad, la extracci\u00f3n es una elecci\u00f3n sensata.<\/p>\n<h2>Beneficios que aporta extraer una muela del juicio<\/h2>\n<p>Si necesitas ayuda a la hora de decidir si la extracci\u00f3n de una muela del juicio es una soluci\u00f3n adecuada para tu hijo adolescente, considera las ventajas que ofrece esta intervenci\u00f3n.<\/p>\n<ul>\n<li><strong>Prevenir posibles problemas en el futuro:<\/strong> Limpiar adecuadamente las muelas del juicio es una tarea complicada, por lo que pueden desarrollar caries e infecciones. Los terceros molares impactados pueden generar abscesos o quistes dolorosos.<\/li>\n<li><strong>Aliviar el dolor de las muelas del juicio: <\/strong>Algunas personas sufren molestias en los terceros molares cuando erupcionan o tratan de hacerlo. Adem\u00e1s, las muelas del juicio pueden provocar dolor durante toda la edad adulta. Al extraerlas se alivian estos dolores de muelas y de mand\u00edbula.<\/li>\n<li><strong>Evitar el api\u00f1amiento:<\/strong> Muchas personas carecen del espacio suficiente en la boca como para albergar el desarrollo completo de las muelas del juicio. En estos casos, unos terceros molares grandes provocan un api\u00f1amiento que puede afectar negativamente a la mordida, que debe ser c\u00f3moda y sana, perjudicando asimismo a la est\u00e9tica de la sonrisa.<\/li>\n<\/ul>\n<h2>Bienestar durante la extracci\u00f3n de las muelas del juicio<\/h2>\n<p>El proceso de extracci\u00f3n puede parecer bastante invasivo, \u00bfverdad? No te preocupes. Nuestros experimentados dentistas infantiles han practicado muchas extracciones, sobre todo de muelas del juicio. Nuestro objetivo es que tu hijo se sienta c\u00f3modo durante la extracci\u00f3n. El dentista revisar\u00e1 las alternativas disponibles para la sedaci\u00f3n y para calmar el dolor durante la extracci\u00f3n, con el fin de garantizar el mejor resultado.<\/p>\n<p>Una vez terminadas las extracciones, es importante seguir las instrucciones de recuperaci\u00f3n que proporcionamos para ayudar a reducir el tiempo de curaci\u00f3n y el dolor. \u00a1As\u00ed tu hijo podr\u00e1 volver lo antes posible a sus actividades habituales!<\/p>\n<h2>Contacta con nosotros si necesitas informaci\u00f3n sobre el procedimiento de extracci\u00f3n de una muela del juicio<\/h2>\n<p>Si a tu hijo adolescente le duelen las muelas del juicio, contacta hoy mismo con nuestra cl\u00ednica. Nuestro dentista revisar\u00e1 el caso concreto de tu hijo, responder\u00e1 a cualquier pregunta que tengas y se asegurar\u00e1 de que est\u00e9 bien atendido. \u00a1Contacta ahora con nosotros y reserva una cita!<\/p>","protected":false},"excerpt":{"rendered":"<p>Nuestros dentistas infantiles expertos han practicado muchas extracciones de piezas dentales. Si a tu hijo adolescente le duele la parte posterior de la boca, es posible que sea necesario extraerle una muela del juicio.<\/p>","protected":false},"author":2,"featured_media":3423,"parent":3299,"menu_order":0,"comment_status":"closed","ping_status":"closed","template":"","meta":{"_et_pb_use_builder":"","_et_pb_old_content":"","_et_gb_content_width":"","_monsterinsights_skip_tracking":false,"_monsterinsights_sitenote_active":false,"_monsterinsights_sitenote_note":"","_monsterinsights_sitenote_category":0,"footnotes":""},"class_list":["post-3408","page","type-page","status-publish","has-post-thumbnail","hentry"],"aioseo_notices":[],"aioseo_head":"\n\t\t<!-- All in One SEO Pro 4.9.5.2 - aioseo.com -->\n\t<meta name=\"description\" content=\"If your teen experiences pain in the very back of the mouth, they may need wisdom tooth extractions. Contact our dental office today to schedule an appointment.\" \/>\n\t<meta name=\"robots\" content=\"max-image-preview:large\" \/>\n\t<meta name=\"google-site-verification\" content=\"JYBEwFLE19eojJX0E7Tx-cNZfobDuCEKxnfxW1R6NgU\" \/>\n\t<link rel=\"canonical\" href=\"https:\/\/www.northwestkidsdentaltx.com\/es\/services\/general-dentist-for-children\/wisdom-tooth-extractions\/\" \/>\n\t<meta name=\"generator\" content=\"All in One SEO Pro (AIOSEO) 4.9.5.2\" \/>\n\t\t<meta property=\"og:locale\" content=\"es_MX\" \/>\n\t\t<meta property=\"og:site_name\" content=\"Northwest Kids Dental | Our dental office is devoted to serving our community and ensuring everyone has affordable access to dental care. We have several payment options available in addition to dental insurance, including Medicaid and CareCredit.\" \/>\n\t\t<meta property=\"og:type\" content=\"company\" \/>\n\t\t<meta property=\"og:title\" content=\"Wisdom Tooth Extractions in Oak Ridge North | Northwest Kids Dental\" \/>\n\t\t<meta property=\"og:description\" content=\"If your teen experiences pain in the very back of the mouth, they may need wisdom tooth extractions. Contact our dental office today to schedule an appointment.\" \/>\n\t\t<meta property=\"og:url\" content=\"https:\/\/www.northwestkidsdentaltx.com\/es\/services\/general-dentist-for-children\/wisdom-tooth-extractions\/\" \/>\n\t\t<meta property=\"og:image\" content=\"https:\/\/www.northwestkidsdentaltx.com\/wp-content\/uploads\/2024\/04\/TeenSmilingOutdoors.jpg\" \/>\n\t\t<meta property=\"og:image:secure_url\" content=\"https:\/\/www.northwestkidsdentaltx.com\/wp-content\/uploads\/2024\/04\/TeenSmilingOutdoors.jpg\" \/>\n\t\t<meta property=\"og:image:width\" content=\"600\" \/>\n\t\t<meta property=\"og:image:height\" content=\"600\" \/>\n\t\t<meta name=\"twitter:card\" content=\"summary_large_image\" \/>\n\t\t<meta name=\"twitter:title\" content=\"Wisdom Tooth Extractions in Oak Ridge North | Northwest Kids Dental\" \/>\n\t\t<meta name=\"twitter:description\" content=\"If your teen experiences pain in the very back of the mouth, they may need wisdom tooth extractions. Contact our dental office today to schedule an appointment.\" \/>\n\t\t<meta name=\"twitter:image\" content=\"https:\/\/www.northwestkidsdentaltx.com\/wp-content\/uploads\/2024\/08\/NWLogoSmall.png\" \/>\n\t\t<script type=\"application\/ld+json\" class=\"aioseo-schema\">\n\t\t\t{\"@context\":\"https:\\\/\\\/schema.org\",\"@graph\":[{\"@type\":\"BreadcrumbList\",\"@id\":\"https:\\\/\\\/www.northwestkidsdentaltx.com\\\/es\\\/services\\\/general-dentist-for-children\\\/wisdom-tooth-extractions\\\/#breadcrumblist\",\"itemListElement\":[{\"@type\":\"ListItem\",\"@id\":\"https:\\\/\\\/www.northwestkidsdentaltx.com\\\/es#listItem\",\"position\":1,\"name\":\"Home\",\"item\":\"https:\\\/\\\/www.northwestkidsdentaltx.com\\\/es\",\"nextItem\":{\"@type\":\"ListItem\",\"@id\":\"https:\\\/\\\/www.northwestkidsdentaltx.com\\\/es\\\/services\\\/#listItem\",\"name\":\"Services\"}},{\"@type\":\"ListItem\",\"@id\":\"https:\\\/\\\/www.northwestkidsdentaltx.com\\\/es\\\/services\\\/#listItem\",\"position\":2,\"name\":\"Services\",\"item\":\"https:\\\/\\\/www.northwestkidsdentaltx.com\\\/es\\\/services\\\/\",\"nextItem\":{\"@type\":\"ListItem\",\"@id\":\"https:\\\/\\\/www.northwestkidsdentaltx.com\\\/es\\\/services\\\/general-dentist-for-children\\\/#listItem\",\"name\":\"General Dentist for Children\"},\"previousItem\":{\"@type\":\"ListItem\",\"@id\":\"https:\\\/\\\/www.northwestkidsdentaltx.com\\\/es#listItem\",\"name\":\"Home\"}},{\"@type\":\"ListItem\",\"@id\":\"https:\\\/\\\/www.northwestkidsdentaltx.com\\\/es\\\/services\\\/general-dentist-for-children\\\/#listItem\",\"position\":3,\"name\":\"General Dentist for Children\",\"item\":\"https:\\\/\\\/www.northwestkidsdentaltx.com\\\/es\\\/services\\\/general-dentist-for-children\\\/\",\"nextItem\":{\"@type\":\"ListItem\",\"@id\":\"https:\\\/\\\/www.northwestkidsdentaltx.com\\\/es\\\/services\\\/general-dentist-for-children\\\/wisdom-tooth-extractions\\\/#listItem\",\"name\":\"Wisdom Tooth Extractions\"},\"previousItem\":{\"@type\":\"ListItem\",\"@id\":\"https:\\\/\\\/www.northwestkidsdentaltx.com\\\/es\\\/services\\\/#listItem\",\"name\":\"Services\"}},{\"@type\":\"ListItem\",\"@id\":\"https:\\\/\\\/www.northwestkidsdentaltx.com\\\/es\\\/services\\\/general-dentist-for-children\\\/wisdom-tooth-extractions\\\/#listItem\",\"position\":4,\"name\":\"Wisdom Tooth Extractions\",\"previousItem\":{\"@type\":\"ListItem\",\"@id\":\"https:\\\/\\\/www.northwestkidsdentaltx.com\\\/es\\\/services\\\/general-dentist-for-children\\\/#listItem\",\"name\":\"General Dentist for Children\"}}]},{\"@type\":\"Organization\",\"@id\":\"https:\\\/\\\/www.northwestkidsdentaltx.com\\\/es\\\/#organization\",\"name\":\"Northwest Kids Dental\",\"description\":\"Our dental office is devoted to serving our community and ensuring everyone has affordable access to dental care. We have several payment options available in addition to dental insurance, including Medicaid and CareCredit.\",\"url\":\"https:\\\/\\\/www.northwestkidsdentaltx.com\\\/es\\\/\",\"email\":\"info@northwestkidsdentaltx.com\",\"telephone\":\"+12815834600\",\"logo\":{\"@type\":\"ImageObject\",\"url\":\"https:\\\/\\\/www.northwestkidsdentaltx.com\\\/wp-content\\\/uploads\\\/2024\\\/08\\\/NWLogoSmall.png\",\"@id\":\"https:\\\/\\\/www.northwestkidsdentaltx.com\\\/es\\\/services\\\/general-dentist-for-children\\\/wisdom-tooth-extractions\\\/#organizationLogo\",\"width\":450,\"height\":308},\"image\":{\"@id\":\"https:\\\/\\\/www.northwestkidsdentaltx.com\\\/es\\\/services\\\/general-dentist-for-children\\\/wisdom-tooth-extractions\\\/#organizationLogo\"},\"sameAs\":[\"https:\\\/\\\/www.facebook.com\\\/NorthwestKidsDental\\\/\",\"https:\\\/\\\/www.yelp.com\\\/biz\\\/northwest-pediatric-dental-oak-ridge-north-2\"],\"address\":{\"@id\":\"https:\\\/\\\/www.northwestkidsdentaltx.com\\\/es\\\/#postaladdress\",\"@type\":\"PostalAddress\",\"streetAddress\":\"27326 Robinson Rd, Suite 108\",\"postalCode\":\"77385\",\"addressLocality\":\"Oak Ridge North\",\"addressRegion\":\"Texas\",\"addressCountry\":\"US\"}},{\"@type\":\"WebPage\",\"@id\":\"https:\\\/\\\/www.northwestkidsdentaltx.com\\\/es\\\/services\\\/general-dentist-for-children\\\/wisdom-tooth-extractions\\\/#webpage\",\"url\":\"https:\\\/\\\/www.northwestkidsdentaltx.com\\\/es\\\/services\\\/general-dentist-for-children\\\/wisdom-tooth-extractions\\\/\",\"name\":\"Wisdom Tooth Extractions in Oak Ridge North | Northwest Kids Dental\",\"description\":\"If your teen experiences pain in the very back of the mouth, they may need wisdom tooth extractions. Contact our dental office today to schedule an appointment.\",\"inLanguage\":\"es-MX\",\"isPartOf\":{\"@id\":\"https:\\\/\\\/www.northwestkidsdentaltx.com\\\/es\\\/#website\"},\"breadcrumb\":{\"@id\":\"https:\\\/\\\/www.northwestkidsdentaltx.com\\\/es\\\/services\\\/general-dentist-for-children\\\/wisdom-tooth-extractions\\\/#breadcrumblist\"},\"image\":{\"@type\":\"ImageObject\",\"url\":\"https:\\\/\\\/www.northwestkidsdentaltx.com\\\/wp-content\\\/uploads\\\/2024\\\/04\\\/TeenSmilingOutdoors.jpg\",\"@id\":\"https:\\\/\\\/www.northwestkidsdentaltx.com\\\/es\\\/services\\\/general-dentist-for-children\\\/wisdom-tooth-extractions\\\/#mainImage\",\"width\":600,\"height\":600,\"caption\":\"Teen Girl Smiling Outdoors\"},\"primaryImageOfPage\":{\"@id\":\"https:\\\/\\\/www.northwestkidsdentaltx.com\\\/es\\\/services\\\/general-dentist-for-children\\\/wisdom-tooth-extractions\\\/#mainImage\"},\"datePublished\":\"2024-04-10T13:21:33-06:00\",\"dateModified\":\"2024-05-10T14:14:25-06:00\"},{\"@type\":\"WebSite\",\"@id\":\"https:\\\/\\\/www.northwestkidsdentaltx.com\\\/es\\\/#website\",\"url\":\"https:\\\/\\\/www.northwestkidsdentaltx.com\\\/es\\\/\",\"name\":\"Northwest Kids Dental\",\"alternateName\":\"Northwest Kids Dental\",\"description\":\"Our dental office is devoted to serving our community and ensuring everyone has affordable access to dental care. We have several payment options available in addition to dental insurance, including Medicaid and CareCredit.\",\"inLanguage\":\"es-MX\",\"publisher\":{\"@id\":\"https:\\\/\\\/www.northwestkidsdentaltx.com\\\/es\\\/#organization\"}}]}\n\t\t<\/script>\n\t\t<!-- All in One SEO Pro -->\r\n\t\t<title>Wisdom Tooth Extractions in Oak Ridge North | Northwest Kids Dental<\/title>\n\n","aioseo_head_json":{"title":"Extracciones de muelas del juicio en Oak Ridge North | Northwest Kids Dental","description":"Si a tu hijo adolescente le duele el fondo de la boca, puede que sea necesario extraerle las muelas del juicio. Llama ahora a cl\u00ednica dental para concertar una cita.","canonical_url":"https:\/\/www.northwestkidsdentaltx.com\/es\/services\/general-dentist-for-children\/wisdom-tooth-extractions\/","robots":"max-image-preview:large","keywords":"","webmasterTools":{"google-site-verification":"JYBEwFLE19eojJX0E7Tx-cNZfobDuCEKxnfxW1R6NgU","miscellaneous":""},"schema":{"@context":"https:\/\/schema.org","@graph":[{"@type":"BreadcrumbList","@id":"https:\/\/www.northwestkidsdentaltx.com\/es\/services\/general-dentist-for-children\/wisdom-tooth-extractions\/#breadcrumblist","itemListElement":[{"@type":"ListItem","@id":"https:\/\/www.northwestkidsdentaltx.com\/es#listItem","position":1,"name":"Home","item":"https:\/\/www.northwestkidsdentaltx.com\/es","nextItem":{"@type":"ListItem","@id":"https:\/\/www.northwestkidsdentaltx.com\/es\/services\/#listItem","name":"Services"}},{"@type":"ListItem","@id":"https:\/\/www.northwestkidsdentaltx.com\/es\/services\/#listItem","position":2,"name":"Services","item":"https:\/\/www.northwestkidsdentaltx.com\/es\/services\/","nextItem":{"@type":"ListItem","@id":"https:\/\/www.northwestkidsdentaltx.com\/es\/services\/general-dentist-for-children\/#listItem","name":"General Dentist for Children"},"previousItem":{"@type":"ListItem","@id":"https:\/\/www.northwestkidsdentaltx.com\/es#listItem","name":"Home"}},{"@type":"ListItem","@id":"https:\/\/www.northwestkidsdentaltx.com\/es\/services\/general-dentist-for-children\/#listItem","position":3,"name":"General Dentist for Children","item":"https:\/\/www.northwestkidsdentaltx.com\/es\/services\/general-dentist-for-children\/","nextItem":{"@type":"ListItem","@id":"https:\/\/www.northwestkidsdentaltx.com\/es\/services\/general-dentist-for-children\/wisdom-tooth-extractions\/#listItem","name":"Wisdom Tooth Extractions"},"previousItem":{"@type":"ListItem","@id":"https:\/\/www.northwestkidsdentaltx.com\/es\/services\/#listItem","name":"Services"}},{"@type":"ListItem","@id":"https:\/\/www.northwestkidsdentaltx.com\/es\/services\/general-dentist-for-children\/wisdom-tooth-extractions\/#listItem","position":4,"name":"Wisdom Tooth Extractions","previousItem":{"@type":"ListItem","@id":"https:\/\/www.northwestkidsdentaltx.com\/es\/services\/general-dentist-for-children\/#listItem","name":"General Dentist for Children"}}]},{"@type":"Organization","@id":"https:\/\/www.northwestkidsdentaltx.com\/es\/#organization","name":"Northwest Kids Dental","description":"Our dental office is devoted to serving our community and ensuring everyone has affordable access to dental care. We have several payment options available in addition to dental insurance, including Medicaid and CareCredit.","url":"https:\/\/www.northwestkidsdentaltx.com\/es\/","email":"info@northwestkidsdentaltx.com","telephone":"+12815834600","logo":{"@type":"ImageObject","url":"https:\/\/www.northwestkidsdentaltx.com\/wp-content\/uploads\/2024\/08\/NWLogoSmall.png","@id":"https:\/\/www.northwestkidsdentaltx.com\/es\/services\/general-dentist-for-children\/wisdom-tooth-extractions\/#organizationLogo","width":450,"height":308},"image":{"@id":"https:\/\/www.northwestkidsdentaltx.com\/es\/services\/general-dentist-for-children\/wisdom-tooth-extractions\/#organizationLogo"},"sameAs":["https:\/\/www.facebook.com\/NorthwestKidsDental\/","https:\/\/www.yelp.com\/biz\/northwest-pediatric-dental-oak-ridge-north-2"],"address":{"@id":"https:\/\/www.northwestkidsdentaltx.com\/es\/#postaladdress","@type":"PostalAddress","streetAddress":"27326 Robinson Rd, Suite 108","postalCode":"77385","addressLocality":"Oak Ridge North","addressRegion":"Texas","addressCountry":"US"}},{"@type":"WebPage","@id":"https:\/\/www.northwestkidsdentaltx.com\/es\/services\/general-dentist-for-children\/wisdom-tooth-extractions\/#webpage","url":"https:\/\/www.northwestkidsdentaltx.com\/es\/services\/general-dentist-for-children\/wisdom-tooth-extractions\/","name":"Wisdom Tooth Extractions in Oak Ridge North | Northwest Kids Dental","description":"If your teen experiences pain in the very back of the mouth, they may need wisdom tooth extractions. Contact our dental office today to schedule an appointment.","inLanguage":"es-MX","isPartOf":{"@id":"https:\/\/www.northwestkidsdentaltx.com\/es\/#website"},"breadcrumb":{"@id":"https:\/\/www.northwestkidsdentaltx.com\/es\/services\/general-dentist-for-children\/wisdom-tooth-extractions\/#breadcrumblist"},"image":{"@type":"ImageObject","url":"https:\/\/www.northwestkidsdentaltx.com\/wp-content\/uploads\/2024\/04\/TeenSmilingOutdoors.jpg","@id":"https:\/\/www.northwestkidsdentaltx.com\/es\/services\/general-dentist-for-children\/wisdom-tooth-extractions\/#mainImage","width":600,"height":600,"caption":"Teen Girl Smiling Outdoors"},"primaryImageOfPage":{"@id":"https:\/\/www.northwestkidsdentaltx.com\/es\/services\/general-dentist-for-children\/wisdom-tooth-extractions\/#mainImage"},"datePublished":"2024-04-10T13:21:33-06:00","dateModified":"2024-05-10T14:14:25-06:00"},{"@type":"WebSite","@id":"https:\/\/www.northwestkidsdentaltx.com\/es\/#website","url":"https:\/\/www.northwestkidsdentaltx.com\/es\/","name":"Northwest Kids Dental","alternateName":"Northwest Kids Dental","description":"Our dental office is devoted to serving our community and ensuring everyone has affordable access to dental care. We have several payment options available in addition to dental insurance, including Medicaid and CareCredit.","inLanguage":"es-MX","publisher":{"@id":"https:\/\/www.northwestkidsdentaltx.com\/es\/#organization"}}]},"og:locale":"es_MX","og:site_name":"Northwest Kids Dental | Our dental office is devoted to serving our community and ensuring everyone has affordable access to dental care. We have several payment options available in addition to dental insurance, including Medicaid and CareCredit.","og:type":"company","og:title":"Wisdom Tooth Extractions in Oak Ridge North | Northwest Kids Dental","og:description":"If your teen experiences pain in the very back of the mouth, they may need wisdom tooth extractions. Contact our dental office today to schedule an appointment.","og:url":"https:\/\/www.northwestkidsdentaltx.com\/es\/services\/general-dentist-for-children\/wisdom-tooth-extractions\/","og:image":"https:\/\/www.northwestkidsdentaltx.com\/wp-content\/uploads\/2024\/04\/TeenSmilingOutdoors.jpg","og:image:secure_url":"https:\/\/www.northwestkidsdentaltx.com\/wp-content\/uploads\/2024\/04\/TeenSmilingOutdoors.jpg","og:image:width":600,"og:image:height":600,"twitter:card":"summary_large_image","twitter:title":"Wisdom Tooth Extractions in Oak Ridge North | Northwest Kids Dental","twitter:description":"If your teen experiences pain in the very back of the mouth, they may need wisdom tooth extractions. Contact our dental office today to schedule an appointment.","twitter:image":"https:\/\/www.northwestkidsdentaltx.com\/wp-content\/uploads\/2024\/08\/NWLogoSmall.png"},"aioseo_meta_data":{"post_id":"3408","title":null,"description":null,"keywords":[],"keyphrases":{"focus":{"keyphrase":"","score":0,"analysis":{"keyphraseInTitle":{"score":0,"maxScore":9,"error":1}}},"additional":[]},"primary_term":null,"canonical_url":null,"og_title":null,"og_description":null,"og_object_type":"default","og_image_type":"default","og_image_url":null,"og_image_width":null,"og_image_height":null,"og_image_custom_url":null,"og_image_custom_fields":null,"og_video":"","og_custom_url":null,"og_article_section":null,"og_article_tags":[],"twitter_use_og":false,"twitter_card":"default","twitter_image_type":"default","twitter_image_url":null,"twitter_image_custom_url":null,"twitter_image_custom_fields":null,"twitter_title":null,"twitter_description":null,"schema":{"blockGraphs":[],"customGraphs":[],"default":{"data":{"Article":[],"Course":[],"Dataset":[],"FAQPage":[],"Movie":[],"Person":[],"Product":[],"ProductReview":[],"Car":[],"Recipe":[],"Service":[],"SoftwareApplication":[],"WebPage":[]},"graphName":"WebPage","isEnabled":true},"graphs":[]},"schema_type":"default","schema_type_options":null,"pillar_content":false,"robots_default":true,"robots_noindex":false,"robots_noarchive":false,"robots_nosnippet":false,"robots_nofollow":false,"robots_noimageindex":false,"robots_noodp":false,"robots_notranslate":false,"robots_max_snippet":"-1","robots_max_videopreview":"-1","robots_max_imagepreview":"large","priority":null,"frequency":"default","local_seo":null,"seo_analyzer_scan_date":"2025-08-14 17:17:18","limit_modified_date":false,"open_ai":"{\"title\":{\"suggestions\":[],\"usage\":0},\"description\":{\"suggestions\":[],\"usage\":0}}","ai":null,"created":"2024-04-10 19:21:33","updated":"2025-10-22 04:04:33"},"aioseo_breadcrumb":"<div class=\"aioseo-breadcrumbs\"><span class=\"aioseo-breadcrumb\">\n\t<a href=\"https:\/\/www.northwestkidsdentaltx.com\/es\" title=\"Home\">Home<\/a>\n<\/span><span class=\"aioseo-breadcrumb-separator\">&raquo;<\/span><span class=\"aioseo-breadcrumb\">\n\t<a href=\"https:\/\/www.northwestkidsdentaltx.com\/es\/services\/\" title=\"Services\">Services<\/a>\n<\/span><span class=\"aioseo-breadcrumb-separator\">&raquo;<\/span><span class=\"aioseo-breadcrumb\">\n\t<a href=\"https:\/\/www.northwestkidsdentaltx.com\/es\/services\/general-dentist-for-children\/\" title=\"General Dentist for Children\">General Dentist for Children<\/a>\n<\/span><span class=\"aioseo-breadcrumb-separator\">&raquo;<\/span><span class=\"aioseo-breadcrumb\">\n\tWisdom Tooth Extractions\n<\/span><\/div>","aioseo_breadcrumb_json":[{"label":"Home","link":"https:\/\/www.northwestkidsdentaltx.com\/es"},{"label":"Services","link":"https:\/\/www.northwestkidsdentaltx.com\/es\/services\/"},{"label":"General Dentist for Children","link":"https:\/\/www.northwestkidsdentaltx.com\/es\/services\/general-dentist-for-children\/"},{"label":"Wisdom Tooth Extractions","link":"https:\/\/www.northwestkidsdentaltx.com\/es\/services\/general-dentist-for-children\/wisdom-tooth-extractions\/"}],"_links":{"self":[{"href":"https:\/\/www.northwestkidsdentaltx.com\/es\/wp-json\/wp\/v2\/pages\/3408","targetHints":{"allow":["GET"]}}],"collection":[{"href":"https:\/\/www.northwestkidsdentaltx.com\/es\/wp-json\/wp\/v2\/pages"}],"about":[{"href":"https:\/\/www.northwestkidsdentaltx.com\/es\/wp-json\/wp\/v2\/types\/page"}],"author":[{"embeddable":true,"href":"https:\/\/www.northwestkidsdentaltx.com\/es\/wp-json\/wp\/v2\/users\/2"}],"replies":[{"embeddable":true,"href":"https:\/\/www.northwestkidsdentaltx.com\/es\/wp-json\/wp\/v2\/comments?post=3408"}],"version-history":[{"count":0,"href":"https:\/\/www.northwestkidsdentaltx.com\/es\/wp-json\/wp\/v2\/pages\/3408\/revisions"}],"up":[{"embeddable":true,"href":"https:\/\/www.northwestkidsdentaltx.com\/es\/wp-json\/wp\/v2\/pages\/3299"}],"wp:featuredmedia":[{"embeddable":true,"href":"https:\/\/www.northwestkidsdentaltx.com\/es\/wp-json\/wp\/v2\/media\/3423"}],"wp:attachment":[{"href":"https:\/\/www.northwestkidsdentaltx.com\/es\/wp-json\/wp\/v2\/media?parent=3408"}],"curies":[{"name":"wp","href":"https:\/\/api.w.org\/{rel}","templated":true}]}}