{"id":3481,"date":"2024-04-15T12:27:47","date_gmt":"2024-04-15T18:27:47","guid":{"rendered":"https:\/\/www.northwestkidsdentaltx.com\/?page_id=3481"},"modified":"2025-06-23T12:21:05","modified_gmt":"2025-06-23T18:21:05","slug":"traditional-dental-braces","status":"publish","type":"page","link":"https:\/\/www.northwestkidsdentaltx.com\/es\/services\/orthodontics\/traditional-dental-braces\/","title":{"rendered":"Correctores dentales cl\u00e1sicos"},"content":{"rendered":"<h2>Correctores dentales cl\u00e1sicos en Oak Ridge North, TX<\/h2>\n<p>A muchos de nuestros pacientes, sobre todo adolescentes, les encantan los alineadores de ortodoncia transparentes y extra\u00edbles. Sin embargo, este tipo de correctores dentales pueden no ser los id\u00f3neos en algunos casos. El modelo est\u00e1ndar en ortodoncia son los aparatos met\u00e1licos tradicionales. El equipo de Northwest Kids Dental puede recomendar el uso de un corrector dental convencional a tu hijo: aqu\u00ed te explicamos todo lo que debes saber sobre este tratamiento.<\/p>\n<blockquote>\n<h5><em> <img loading=\"lazy\" decoding=\"async\" class=\"alignnone wp-image-3764\" src=\"https:\/\/www.northwestkidsdentaltx.com\/wp-content\/uploads\/2024\/08\/lightbulb.png\" alt=\"\" width=\"35\" height=\"35\" \/>\u00bfSAB\u00cdAS QUE...? <\/em><\/h5>\n<p> The wire used in traditional dental braces was originally designed by NASA. This wire was thin and flexible but could maintain its shape.<\/em><\/p><\/blockquote>\n<h2>C\u00f3mo realinea los dientes la ortodoncia tradicional<\/h2>\n<p>Al colocar un corrector dental, se pega un diminuto bracket met\u00e1lico en cada diente a reposicionar. Peri\u00f3dicamente se va ajustando un alambre enhebrado a trav\u00e9s del aparato para guiar los dientes hacia su posici\u00f3n ideal. Los aparatos aplican una presi\u00f3n suave y constante, lo que permite desplazar los dientes a su lugar adecuado.<\/p>\n<h3>Duraci\u00f3n del tratamiento de ortodoncia<\/h3>\n<p>La duraci\u00f3n media del tratamiento con brackets dentales tradicionales es de 18 a 24 meses. En algunos casos, la duraci\u00f3n del procedimiento puede ser menor. Como cada caso es \u00fanico, nuestro equipo te proporcionar\u00e1 un calendario m\u00e1s preciso tras la consulta sobre la ortodoncia de tu hijo. Antes de colocar los brackets en los dientes de tu hijo, te facilitaremos una estimaci\u00f3n de la duraci\u00f3n prevista del tratamiento.<\/p>\n<p>Si sigues todas las instrucciones que te vaya facilitando nuestro equipo podr\u00e1s mantener la fecha estimada de finalizaci\u00f3n del tratamiento ortod\u00f3ncico de tu hijo. Acude siempre puntualmente a las revisiones, ya que retrasarlas puede alargar la duraci\u00f3n del procedimiento.<\/p>\n<h2>Problemas que corrige la ortodoncia tradicional<\/h2>\n<p>Cuando tu hijo visite Northwest Kids Dental para su consulta de ortodoncia, nuestros ortodoncistas pueden recomendar aparatos dentales tradicionales para tratar cualquiera de las siguientes afecciones:<\/p>\n<ul>\n<li>Api\u00f1amiento y problemas de espacio<\/li>\n<li>Dientes rotados<\/li>\n<li>Mand\u00edbula desalineada<\/li>\n<li>Sobremordida<\/li>\n<li>Prognatismo<\/li>\n<li>Mordida cruzada<\/li>\n<li>Mordida abierta<\/li>\n<li>Problemas periodontales (problemas de enc\u00edas)<\/li>\n<li>L\u00ednea media desigual<\/li>\n<li>Problemas de masticaci\u00f3n y habla<\/li>\n<\/ul>\n<h2>Cuidado, mantenimiento y limpieza de los brackets<\/h2>\n<p>Como los aparatos dentales tradicionales son fijos (no extra\u00edbles), hay que <a href=\"\/es\/servicios\/ortodoncia\/vida-con-brackets\/\">cuidarlos<\/a>, mantenerlos y limpiarlos a fondo y con regularidad. Una vez colocados los brackets convencionales en los dientes de tu hijo, tendr\u00e1 que aprender a cuidarlos bien durante el tratamiento. A continuaci\u00f3n te indicamos algunas cosas que debes tener en cuenta:<\/p>\n<ul>\n<li><strong>Cepillado y uso del hilo dental: <\/strong>Tu hijo debe cepillarse los dientes despu\u00e9s de cada comida y merienda, procurando limpiarse bien alrededor de cada uno de los brackets. El hilo dental con enhebrador facilita que pase por debajo de los alambres y alrededor de los brackets.<\/li>\n<li><strong>Irritaci\u00f3n: <\/strong>Si un alambre pincha en el interior de las mejillas de tu hijo, puedes colocar cera ortod\u00f3ncica sobre el aparato donde est\u00e1 la irritaci\u00f3n. Asimismo, puedes comunic\u00e1rselo a nuestro equipo durante una cita para que realice los ajustes necesarios para que el aparato sea m\u00e1s c\u00f3modo.<\/li>\n<li><strong>Dieta: <\/strong>Tu hijo no debe mascar chicle ni ingerir alimentos masticables, pegajosos o muy duros. Estos alimentos, as\u00ed como los granos y c\u00e1scaras de palomitas de ma\u00edz, pueden da\u00f1ar los aparatos de ortodoncia, dificultar su limpieza y provocar irritaci\u00f3n oral.<\/li>\n<li><strong>Citas: <\/strong>Cada seis semanas, aproximadamente, tu hijo debe acudir a nuestra consulta para someterse a una revisi\u00f3n. En esta visita comprobaremos el progreso del tratamiento, ajustaremos los aparatos de tu hijo, solucionaremos cualquier problema y responderemos a tus preguntas. Si no acudes a las visitas seg\u00fan lo previsto, puede que se prolongue la duraci\u00f3n del tratamiento.<\/li>\n<\/ul>\n<h2>Inicia hoy el tratamiento con corrector dental tradicional en Oak Ridge North<\/h2>\n<p>Si tu hijo necesita un tratamiento de ortodoncia, reserva hoy mismo una <a href=\"\/es\/servicios\/ortodoncia\/consulta-gratuita-de-ortodoncia\/\">consulta de ortodoncia gratuita<\/a> . Nuestro equipo te indicar\u00e1 si los aparatos dentales tradicionales son la mejor opci\u00f3n para tu hijo.<\/p>","protected":false},"excerpt":{"rendered":"<p>La ortodoncia tradicional es el m\u00e9todo habitual de correcci\u00f3n dental. Aunque los aparatos dentales cl\u00e1sicos son m\u00e1s visibles que los alineadores transparentes, ofrecen una terapia ortod\u00f3ncica m\u00e1s precisa que puede proporcionar mejores resultados a tu hijo.<\/p>","protected":false},"author":2,"featured_media":3660,"parent":3300,"menu_order":0,"comment_status":"closed","ping_status":"closed","template":"","meta":{"_et_pb_use_builder":"","_et_pb_old_content":"","_et_gb_content_width":"","_monsterinsights_skip_tracking":false,"_monsterinsights_sitenote_active":false,"_monsterinsights_sitenote_note":"","_monsterinsights_sitenote_category":0,"footnotes":""},"class_list":["post-3481","page","type-page","status-publish","has-post-thumbnail","hentry"],"aioseo_notices":[],"aioseo_head":"\n\t\t<!-- All in One SEO Pro 4.9.5.2 - aioseo.com -->\n\t<meta name=\"description\" content=\"Traditional Dental Braces are the gold standard for orthodontic treatments in Oak Ridge North. Learn more about how this treatment can help your child.\" \/>\n\t<meta name=\"robots\" content=\"max-image-preview:large\" \/>\n\t<meta name=\"google-site-verification\" content=\"JYBEwFLE19eojJX0E7Tx-cNZfobDuCEKxnfxW1R6NgU\" \/>\n\t<link rel=\"canonical\" href=\"https:\/\/www.northwestkidsdentaltx.com\/es\/services\/orthodontics\/traditional-dental-braces\/\" \/>\n\t<meta name=\"generator\" content=\"All in One SEO Pro (AIOSEO) 4.9.5.2\" \/>\n\t\t<meta property=\"og:locale\" content=\"es_MX\" \/>\n\t\t<meta property=\"og:site_name\" content=\"Northwest Kids Dental | Our dental office is devoted to serving our community and ensuring everyone has affordable access to dental care. We have several payment options available in addition to dental insurance, including Medicaid and CareCredit.\" \/>\n\t\t<meta property=\"og:type\" content=\"company\" \/>\n\t\t<meta property=\"og:title\" content=\"Traditional Dental Braces in Oak Ridge North | Northwest Kids Dental\" \/>\n\t\t<meta property=\"og:description\" content=\"Traditional Dental Braces are the gold standard for orthodontic treatments in Oak Ridge North. Learn more about how this treatment can help your child.\" \/>\n\t\t<meta property=\"og:url\" content=\"https:\/\/www.northwestkidsdentaltx.com\/es\/services\/orthodontics\/traditional-dental-braces\/\" \/>\n\t\t<meta property=\"og:image\" content=\"https:\/\/www.northwestkidsdentaltx.com\/wp-content\/uploads\/2024\/05\/TraditionalDentalBraces.jpg\" \/>\n\t\t<meta property=\"og:image:secure_url\" content=\"https:\/\/www.northwestkidsdentaltx.com\/wp-content\/uploads\/2024\/05\/TraditionalDentalBraces.jpg\" \/>\n\t\t<meta property=\"og:image:width\" content=\"600\" \/>\n\t\t<meta property=\"og:image:height\" content=\"600\" \/>\n\t\t<meta name=\"twitter:card\" content=\"summary_large_image\" \/>\n\t\t<meta name=\"twitter:title\" content=\"Traditional Dental Braces in Oak Ridge North | Northwest Kids Dental\" \/>\n\t\t<meta name=\"twitter:description\" content=\"Traditional Dental Braces are the gold standard for orthodontic treatments in Oak Ridge North. Learn more about how this treatment can help your child.\" \/>\n\t\t<meta name=\"twitter:image\" content=\"https:\/\/www.northwestkidsdentaltx.com\/wp-content\/uploads\/2024\/08\/NWLogoSmall.png\" \/>\n\t\t<script type=\"application\/ld+json\" class=\"aioseo-schema\">\n\t\t\t{\"@context\":\"https:\\\/\\\/schema.org\",\"@graph\":[{\"@type\":\"BreadcrumbList\",\"@id\":\"https:\\\/\\\/www.northwestkidsdentaltx.com\\\/es\\\/services\\\/orthodontics\\\/traditional-dental-braces\\\/#breadcrumblist\",\"itemListElement\":[{\"@type\":\"ListItem\",\"@id\":\"https:\\\/\\\/www.northwestkidsdentaltx.com\\\/es#listItem\",\"position\":1,\"name\":\"Home\",\"item\":\"https:\\\/\\\/www.northwestkidsdentaltx.com\\\/es\",\"nextItem\":{\"@type\":\"ListItem\",\"@id\":\"https:\\\/\\\/www.northwestkidsdentaltx.com\\\/es\\\/services\\\/#listItem\",\"name\":\"Services\"}},{\"@type\":\"ListItem\",\"@id\":\"https:\\\/\\\/www.northwestkidsdentaltx.com\\\/es\\\/services\\\/#listItem\",\"position\":2,\"name\":\"Services\",\"item\":\"https:\\\/\\\/www.northwestkidsdentaltx.com\\\/es\\\/services\\\/\",\"nextItem\":{\"@type\":\"ListItem\",\"@id\":\"https:\\\/\\\/www.northwestkidsdentaltx.com\\\/es\\\/services\\\/orthodontics\\\/#listItem\",\"name\":\"Orthodontics\"},\"previousItem\":{\"@type\":\"ListItem\",\"@id\":\"https:\\\/\\\/www.northwestkidsdentaltx.com\\\/es#listItem\",\"name\":\"Home\"}},{\"@type\":\"ListItem\",\"@id\":\"https:\\\/\\\/www.northwestkidsdentaltx.com\\\/es\\\/services\\\/orthodontics\\\/#listItem\",\"position\":3,\"name\":\"Orthodontics\",\"item\":\"https:\\\/\\\/www.northwestkidsdentaltx.com\\\/es\\\/services\\\/orthodontics\\\/\",\"nextItem\":{\"@type\":\"ListItem\",\"@id\":\"https:\\\/\\\/www.northwestkidsdentaltx.com\\\/es\\\/services\\\/orthodontics\\\/traditional-dental-braces\\\/#listItem\",\"name\":\"Traditional Dental Braces\"},\"previousItem\":{\"@type\":\"ListItem\",\"@id\":\"https:\\\/\\\/www.northwestkidsdentaltx.com\\\/es\\\/services\\\/#listItem\",\"name\":\"Services\"}},{\"@type\":\"ListItem\",\"@id\":\"https:\\\/\\\/www.northwestkidsdentaltx.com\\\/es\\\/services\\\/orthodontics\\\/traditional-dental-braces\\\/#listItem\",\"position\":4,\"name\":\"Traditional Dental Braces\",\"previousItem\":{\"@type\":\"ListItem\",\"@id\":\"https:\\\/\\\/www.northwestkidsdentaltx.com\\\/es\\\/services\\\/orthodontics\\\/#listItem\",\"name\":\"Orthodontics\"}}]},{\"@type\":\"Organization\",\"@id\":\"https:\\\/\\\/www.northwestkidsdentaltx.com\\\/es\\\/#organization\",\"name\":\"Northwest Kids Dental\",\"description\":\"Our dental office is devoted to serving our community and ensuring everyone has affordable access to dental care. We have several payment options available in addition to dental insurance, including Medicaid and CareCredit.\",\"url\":\"https:\\\/\\\/www.northwestkidsdentaltx.com\\\/es\\\/\",\"email\":\"info@northwestkidsdentaltx.com\",\"telephone\":\"+12815834600\",\"logo\":{\"@type\":\"ImageObject\",\"url\":\"https:\\\/\\\/www.northwestkidsdentaltx.com\\\/wp-content\\\/uploads\\\/2024\\\/08\\\/NWLogoSmall.png\",\"@id\":\"https:\\\/\\\/www.northwestkidsdentaltx.com\\\/es\\\/services\\\/orthodontics\\\/traditional-dental-braces\\\/#organizationLogo\",\"width\":450,\"height\":308},\"image\":{\"@id\":\"https:\\\/\\\/www.northwestkidsdentaltx.com\\\/es\\\/services\\\/orthodontics\\\/traditional-dental-braces\\\/#organizationLogo\"},\"sameAs\":[\"https:\\\/\\\/www.facebook.com\\\/NorthwestKidsDental\\\/\",\"https:\\\/\\\/www.yelp.com\\\/biz\\\/northwest-pediatric-dental-oak-ridge-north-2\"],\"address\":{\"@id\":\"https:\\\/\\\/www.northwestkidsdentaltx.com\\\/es\\\/#postaladdress\",\"@type\":\"PostalAddress\",\"streetAddress\":\"27326 Robinson Rd, Suite 108\",\"postalCode\":\"77385\",\"addressLocality\":\"Oak Ridge North\",\"addressRegion\":\"Texas\",\"addressCountry\":\"US\"}},{\"@type\":\"WebPage\",\"@id\":\"https:\\\/\\\/www.northwestkidsdentaltx.com\\\/es\\\/services\\\/orthodontics\\\/traditional-dental-braces\\\/#webpage\",\"url\":\"https:\\\/\\\/www.northwestkidsdentaltx.com\\\/es\\\/services\\\/orthodontics\\\/traditional-dental-braces\\\/\",\"name\":\"Traditional Dental Braces in Oak Ridge North | Northwest Kids Dental\",\"description\":\"Traditional Dental Braces are the gold standard for orthodontic treatments in Oak Ridge North. Learn more about how this treatment can help your child.\",\"inLanguage\":\"es-MX\",\"isPartOf\":{\"@id\":\"https:\\\/\\\/www.northwestkidsdentaltx.com\\\/es\\\/#website\"},\"breadcrumb\":{\"@id\":\"https:\\\/\\\/www.northwestkidsdentaltx.com\\\/es\\\/services\\\/orthodontics\\\/traditional-dental-braces\\\/#breadcrumblist\"},\"image\":{\"@type\":\"ImageObject\",\"url\":\"https:\\\/\\\/www.northwestkidsdentaltx.com\\\/wp-content\\\/uploads\\\/2024\\\/05\\\/TraditionalDentalBraces.jpg\",\"@id\":\"https:\\\/\\\/www.northwestkidsdentaltx.com\\\/es\\\/services\\\/orthodontics\\\/traditional-dental-braces\\\/#mainImage\",\"width\":600,\"height\":600,\"caption\":\"Girl with traditional dental braces\"},\"primaryImageOfPage\":{\"@id\":\"https:\\\/\\\/www.northwestkidsdentaltx.com\\\/es\\\/services\\\/orthodontics\\\/traditional-dental-braces\\\/#mainImage\"},\"datePublished\":\"2024-04-15T12:27:47-06:00\",\"dateModified\":\"2025-06-23T12:21:05-06:00\"},{\"@type\":\"WebSite\",\"@id\":\"https:\\\/\\\/www.northwestkidsdentaltx.com\\\/es\\\/#website\",\"url\":\"https:\\\/\\\/www.northwestkidsdentaltx.com\\\/es\\\/\",\"name\":\"Northwest Kids Dental\",\"alternateName\":\"Northwest Kids Dental\",\"description\":\"Our dental office is devoted to serving our community and ensuring everyone has affordable access to dental care. We have several payment options available in addition to dental insurance, including Medicaid and CareCredit.\",\"inLanguage\":\"es-MX\",\"publisher\":{\"@id\":\"https:\\\/\\\/www.northwestkidsdentaltx.com\\\/es\\\/#organization\"}}]}\n\t\t<\/script>\n\t\t<!-- All in One SEO Pro -->\r\n\t\t<title>Traditional Dental Braces in Oak Ridge North | Northwest Kids Dental<\/title>\n\n","aioseo_head_json":{"title":"Correctores dentales cl\u00e1sicos en Oak Ridge North | Northwest Kids Dental","description":"La ortodoncia tradicional es el m\u00e9todo habitual en los tratamientos de ortodoncia en Oak Ridge North. Inf\u00f3rmate sobre c\u00f3mo este tratamiento puede ayudar a tu hijo.","canonical_url":"https:\/\/www.northwestkidsdentaltx.com\/es\/services\/orthodontics\/traditional-dental-braces\/","robots":"max-image-preview:large","keywords":"","webmasterTools":{"google-site-verification":"JYBEwFLE19eojJX0E7Tx-cNZfobDuCEKxnfxW1R6NgU","miscellaneous":""},"schema":{"@context":"https:\/\/schema.org","@graph":[{"@type":"BreadcrumbList","@id":"https:\/\/www.northwestkidsdentaltx.com\/es\/services\/orthodontics\/traditional-dental-braces\/#breadcrumblist","itemListElement":[{"@type":"ListItem","@id":"https:\/\/www.northwestkidsdentaltx.com\/es#listItem","position":1,"name":"Home","item":"https:\/\/www.northwestkidsdentaltx.com\/es","nextItem":{"@type":"ListItem","@id":"https:\/\/www.northwestkidsdentaltx.com\/es\/services\/#listItem","name":"Services"}},{"@type":"ListItem","@id":"https:\/\/www.northwestkidsdentaltx.com\/es\/services\/#listItem","position":2,"name":"Services","item":"https:\/\/www.northwestkidsdentaltx.com\/es\/services\/","nextItem":{"@type":"ListItem","@id":"https:\/\/www.northwestkidsdentaltx.com\/es\/services\/orthodontics\/#listItem","name":"Orthodontics"},"previousItem":{"@type":"ListItem","@id":"https:\/\/www.northwestkidsdentaltx.com\/es#listItem","name":"Home"}},{"@type":"ListItem","@id":"https:\/\/www.northwestkidsdentaltx.com\/es\/services\/orthodontics\/#listItem","position":3,"name":"Orthodontics","item":"https:\/\/www.northwestkidsdentaltx.com\/es\/services\/orthodontics\/","nextItem":{"@type":"ListItem","@id":"https:\/\/www.northwestkidsdentaltx.com\/es\/services\/orthodontics\/traditional-dental-braces\/#listItem","name":"Traditional Dental Braces"},"previousItem":{"@type":"ListItem","@id":"https:\/\/www.northwestkidsdentaltx.com\/es\/services\/#listItem","name":"Services"}},{"@type":"ListItem","@id":"https:\/\/www.northwestkidsdentaltx.com\/es\/services\/orthodontics\/traditional-dental-braces\/#listItem","position":4,"name":"Traditional Dental Braces","previousItem":{"@type":"ListItem","@id":"https:\/\/www.northwestkidsdentaltx.com\/es\/services\/orthodontics\/#listItem","name":"Orthodontics"}}]},{"@type":"Organization","@id":"https:\/\/www.northwestkidsdentaltx.com\/es\/#organization","name":"Northwest Kids Dental","description":"Our dental office is devoted to serving our community and ensuring everyone has affordable access to dental care. We have several payment options available in addition to dental insurance, including Medicaid and CareCredit.","url":"https:\/\/www.northwestkidsdentaltx.com\/es\/","email":"info@northwestkidsdentaltx.com","telephone":"+12815834600","logo":{"@type":"ImageObject","url":"https:\/\/www.northwestkidsdentaltx.com\/wp-content\/uploads\/2024\/08\/NWLogoSmall.png","@id":"https:\/\/www.northwestkidsdentaltx.com\/es\/services\/orthodontics\/traditional-dental-braces\/#organizationLogo","width":450,"height":308},"image":{"@id":"https:\/\/www.northwestkidsdentaltx.com\/es\/services\/orthodontics\/traditional-dental-braces\/#organizationLogo"},"sameAs":["https:\/\/www.facebook.com\/NorthwestKidsDental\/","https:\/\/www.yelp.com\/biz\/northwest-pediatric-dental-oak-ridge-north-2"],"address":{"@id":"https:\/\/www.northwestkidsdentaltx.com\/es\/#postaladdress","@type":"PostalAddress","streetAddress":"27326 Robinson Rd, Suite 108","postalCode":"77385","addressLocality":"Oak Ridge North","addressRegion":"Texas","addressCountry":"US"}},{"@type":"WebPage","@id":"https:\/\/www.northwestkidsdentaltx.com\/es\/services\/orthodontics\/traditional-dental-braces\/#webpage","url":"https:\/\/www.northwestkidsdentaltx.com\/es\/services\/orthodontics\/traditional-dental-braces\/","name":"Traditional Dental Braces in Oak Ridge North | Northwest Kids Dental","description":"Traditional Dental Braces are the gold standard for orthodontic treatments in Oak Ridge North. Learn more about how this treatment can help your child.","inLanguage":"es-MX","isPartOf":{"@id":"https:\/\/www.northwestkidsdentaltx.com\/es\/#website"},"breadcrumb":{"@id":"https:\/\/www.northwestkidsdentaltx.com\/es\/services\/orthodontics\/traditional-dental-braces\/#breadcrumblist"},"image":{"@type":"ImageObject","url":"https:\/\/www.northwestkidsdentaltx.com\/wp-content\/uploads\/2024\/05\/TraditionalDentalBraces.jpg","@id":"https:\/\/www.northwestkidsdentaltx.com\/es\/services\/orthodontics\/traditional-dental-braces\/#mainImage","width":600,"height":600,"caption":"Girl with traditional dental braces"},"primaryImageOfPage":{"@id":"https:\/\/www.northwestkidsdentaltx.com\/es\/services\/orthodontics\/traditional-dental-braces\/#mainImage"},"datePublished":"2024-04-15T12:27:47-06:00","dateModified":"2025-06-23T12:21:05-06:00"},{"@type":"WebSite","@id":"https:\/\/www.northwestkidsdentaltx.com\/es\/#website","url":"https:\/\/www.northwestkidsdentaltx.com\/es\/","name":"Northwest Kids Dental","alternateName":"Northwest Kids Dental","description":"Our dental office is devoted to serving our community and ensuring everyone has affordable access to dental care. We have several payment options available in addition to dental insurance, including Medicaid and CareCredit.","inLanguage":"es-MX","publisher":{"@id":"https:\/\/www.northwestkidsdentaltx.com\/es\/#organization"}}]},"og:locale":"es_MX","og:site_name":"Northwest Kids Dental | Our dental office is devoted to serving our community and ensuring everyone has affordable access to dental care. We have several payment options available in addition to dental insurance, including Medicaid and CareCredit.","og:type":"company","og:title":"Traditional Dental Braces in Oak Ridge North | Northwest Kids Dental","og:description":"Traditional Dental Braces are the gold standard for orthodontic treatments in Oak Ridge North. Learn more about how this treatment can help your child.","og:url":"https:\/\/www.northwestkidsdentaltx.com\/es\/services\/orthodontics\/traditional-dental-braces\/","og:image":"https:\/\/www.northwestkidsdentaltx.com\/wp-content\/uploads\/2024\/05\/TraditionalDentalBraces.jpg","og:image:secure_url":"https:\/\/www.northwestkidsdentaltx.com\/wp-content\/uploads\/2024\/05\/TraditionalDentalBraces.jpg","og:image:width":600,"og:image:height":600,"twitter:card":"summary_large_image","twitter:title":"Traditional Dental Braces in Oak Ridge North | Northwest Kids Dental","twitter:description":"Traditional Dental Braces are the gold standard for orthodontic treatments in Oak Ridge North. Learn more about how this treatment can help your child.","twitter:image":"https:\/\/www.northwestkidsdentaltx.com\/wp-content\/uploads\/2024\/08\/NWLogoSmall.png"},"aioseo_meta_data":{"post_id":"3481","title":null,"description":null,"keywords":null,"keyphrases":{"focus":{"keyphrase":"","score":0,"analysis":{"keyphraseInTitle":{"score":0,"maxScore":9,"error":1}}},"additional":[]},"primary_term":null,"canonical_url":null,"og_title":null,"og_description":null,"og_object_type":"default","og_image_type":"default","og_image_url":null,"og_image_width":null,"og_image_height":null,"og_image_custom_url":null,"og_image_custom_fields":null,"og_video":"","og_custom_url":null,"og_article_section":null,"og_article_tags":null,"twitter_use_og":false,"twitter_card":"default","twitter_image_type":"default","twitter_image_url":null,"twitter_image_custom_url":null,"twitter_image_custom_fields":null,"twitter_title":null,"twitter_description":null,"schema":{"blockGraphs":[],"customGraphs":[],"default":{"data":{"Article":[],"Course":[],"Dataset":[],"FAQPage":[],"Movie":[],"Person":[],"Product":[],"ProductReview":[],"Car":[],"Recipe":[],"Service":[],"SoftwareApplication":[],"WebPage":[]},"graphName":"WebPage","isEnabled":true},"graphs":[]},"schema_type":"default","schema_type_options":null,"pillar_content":false,"robots_default":true,"robots_noindex":false,"robots_noarchive":false,"robots_nosnippet":false,"robots_nofollow":false,"robots_noimageindex":false,"robots_noodp":false,"robots_notranslate":false,"robots_max_snippet":"-1","robots_max_videopreview":"-1","robots_max_imagepreview":"large","priority":null,"frequency":"default","local_seo":null,"seo_analyzer_scan_date":"2025-08-14 16:44:59","limit_modified_date":false,"open_ai":"{\"title\":{\"suggestions\":[],\"usage\":0},\"description\":{\"suggestions\":[],\"usage\":0}}","ai":null,"created":"2024-04-15 18:27:47","updated":"2025-10-22 04:04:33"},"aioseo_breadcrumb":"<div class=\"aioseo-breadcrumbs\"><span class=\"aioseo-breadcrumb\">\n\t<a href=\"https:\/\/www.northwestkidsdentaltx.com\/es\" title=\"Home\">Home<\/a>\n<\/span><span class=\"aioseo-breadcrumb-separator\">&raquo;<\/span><span class=\"aioseo-breadcrumb\">\n\t<a href=\"https:\/\/www.northwestkidsdentaltx.com\/es\/services\/\" title=\"Services\">Services<\/a>\n<\/span><span class=\"aioseo-breadcrumb-separator\">&raquo;<\/span><span class=\"aioseo-breadcrumb\">\n\t<a href=\"https:\/\/www.northwestkidsdentaltx.com\/es\/services\/orthodontics\/\" title=\"Orthodontics\">Orthodontics<\/a>\n<\/span><span class=\"aioseo-breadcrumb-separator\">&raquo;<\/span><span class=\"aioseo-breadcrumb\">\n\tTraditional Dental Braces\n<\/span><\/div>","aioseo_breadcrumb_json":[{"label":"Home","link":"https:\/\/www.northwestkidsdentaltx.com\/es"},{"label":"Services","link":"https:\/\/www.northwestkidsdentaltx.com\/es\/services\/"},{"label":"Orthodontics","link":"https:\/\/www.northwestkidsdentaltx.com\/es\/services\/orthodontics\/"},{"label":"Traditional Dental Braces","link":"https:\/\/www.northwestkidsdentaltx.com\/es\/services\/orthodontics\/traditional-dental-braces\/"}],"_links":{"self":[{"href":"https:\/\/www.northwestkidsdentaltx.com\/es\/wp-json\/wp\/v2\/pages\/3481","targetHints":{"allow":["GET"]}}],"collection":[{"href":"https:\/\/www.northwestkidsdentaltx.com\/es\/wp-json\/wp\/v2\/pages"}],"about":[{"href":"https:\/\/www.northwestkidsdentaltx.com\/es\/wp-json\/wp\/v2\/types\/page"}],"author":[{"embeddable":true,"href":"https:\/\/www.northwestkidsdentaltx.com\/es\/wp-json\/wp\/v2\/users\/2"}],"replies":[{"embeddable":true,"href":"https:\/\/www.northwestkidsdentaltx.com\/es\/wp-json\/wp\/v2\/comments?post=3481"}],"version-history":[{"count":0,"href":"https:\/\/www.northwestkidsdentaltx.com\/es\/wp-json\/wp\/v2\/pages\/3481\/revisions"}],"up":[{"embeddable":true,"href":"https:\/\/www.northwestkidsdentaltx.com\/es\/wp-json\/wp\/v2\/pages\/3300"}],"wp:featuredmedia":[{"embeddable":true,"href":"https:\/\/www.northwestkidsdentaltx.com\/es\/wp-json\/wp\/v2\/media\/3660"}],"wp:attachment":[{"href":"https:\/\/www.northwestkidsdentaltx.com\/es\/wp-json\/wp\/v2\/media?parent=3481"}],"curies":[{"name":"wp","href":"https:\/\/api.w.org\/{rel}","templated":true}]}}